{"id":16,"date":"2017-04-07T11:58:34","date_gmt":"2017-04-07T11:58:34","guid":{"rendered":"https:\/\/acquariomaritime.com\/?page_id=16"},"modified":"2020-04-12T12:46:49","modified_gmt":"2020-04-12T12:46:49","slug":"destinations","status":"publish","type":"page","link":"https:\/\/acquariomaritime.com\/es\/destinos\/","title":{"rendered":"Destinos"},"content":{"rendered":"<div class=\"wpb-content-wrapper\"><div class=\"vc_row wpb_row vc_row-fluid\"><div class=\"wpb_column vc_column_container vc_col-sm-12 sc_layouts_column_icons_position_left\"><div class=\"vc_column-inner\"><div class=\"wpb_wrapper\"><div class=\"vc_empty_space  vc_custom_1499781211719 height_large\"   style=\"height: 32px\"><span class=\"vc_empty_space_inner\"><\/span><\/div><div id=\"sc_services_365426065\" class=\"sc_services color_style_link2 sc_services_default sc_services_featured_top\"><h3 class=\"sc_item_title sc_services_title sc_align_center sc_item_title_style_alter sc_item_title_tag\">Descubra nuestros destinos<\/h3><div class=\"sc_services_columns_wrap sc_item_columns sc_item_columns_2 trx_addons_columns_wrap columns_padding_bottom\"><div class=\"trx_addons_column-1_2\"><div class=\"sc_services_item with_content with_image sc_services_item_featured_top\">\n\t<div class=\"post_featured with_thumb hover_dots sc_services_item_thumb\"><img loading=\"lazy\" decoding=\"async\" width=\"740\" height=\"750\" src=\"https:\/\/acquariomaritime.com\/wp-content\/uploads\/2017\/04\/barcelona-740x750.jpg\" class=\"attachment-sirene-thumb-service size-sirene-thumb-service wp-post-image\" alt=\"Barcelona\" srcset=\"https:\/\/acquariomaritime.com\/wp-content\/uploads\/2017\/04\/barcelona-740x750.jpg 740w, https:\/\/acquariomaritime.com\/wp-content\/uploads\/2017\/04\/barcelona-100x100.jpg 100w\" sizes=\"auto, (max-width: 740px) 100vw, 740px\" \/><div class=\"mask\"><\/div><a href=\"https:\/\/acquariomaritime.com\/es\/services\/barcelona\/\" aria-hidden=\"true\" class=\"icons\"><span><\/span><span><\/span><span><\/span><\/a><\/div>\t\n\t<div class=\"sc_services_item_info\">\n\t\t<div class=\"sc_services_item_header\">\n\t\t\t<h5 class=\"sc_services_item_title\"><a href=\"https:\/\/acquariomaritime.com\/es\/services\/barcelona\/\">Barcelona<\/a><\/h5>\n\t\t<\/div>\n\t\t\t\t\t<div class=\"sc_services_item_content\"><p>Experimente la cosmopolita ciudad de Barcelona desde la costa, una bonita escapada al mar con impresionantes vistas de la ciudad. Hay muchas opciones cercanas donde fondear y pasar el d\u00eda para recargar energ\u00edas. Consulte nuestros paquetes de excursiones de 1 y 2 d\u00edas desde Barcelona. Disponemos de alquileres m\u00e1s largos previa petici\u00f3n. <\/p>\n<\/div>\n\t\t\t<div class=\"sc_services_item_button\"><a href=\"https:\/\/acquariomaritime.com\/es\/services\/barcelona\/\" class=\"sc_button sc_item_button sc_button color_style_default sc_button_default sc_button_size_normal\">Learn more<\/a><\/div>\n\t\t\t<\/div>\n<\/div>\n<\/div><div class=\"trx_addons_column-1_2\"><div class=\"sc_services_item with_content with_image sc_services_item_featured_top\">\n\t<div class=\"post_featured with_thumb hover_dots sc_services_item_thumb\"><img loading=\"lazy\" decoding=\"async\" width=\"740\" height=\"750\" src=\"https:\/\/acquariomaritime.com\/wp-content\/uploads\/2017\/04\/ibiza-740x750.jpeg\" class=\"attachment-sirene-thumb-service size-sirene-thumb-service wp-post-image\" alt=\"Ibiza\" srcset=\"https:\/\/acquariomaritime.com\/wp-content\/uploads\/2017\/04\/ibiza-740x750.jpeg 740w, https:\/\/acquariomaritime.com\/wp-content\/uploads\/2017\/04\/ibiza-100x100.jpeg 100w\" sizes=\"auto, (max-width: 740px) 100vw, 740px\" \/><div class=\"mask\"><\/div><a href=\"https:\/\/acquariomaritime.com\/es\/services\/ibiza\/\" aria-hidden=\"true\" class=\"icons\"><span><\/span><span><\/span><span><\/span><\/a><\/div>\t\n\t<div class=\"sc_services_item_info\">\n\t\t<div class=\"sc_services_item_header\">\n\t\t\t<h5 class=\"sc_services_item_title\"><a href=\"https:\/\/acquariomaritime.com\/es\/services\/ibiza\/\">Ibiza<\/a><\/h5>\n\t\t<\/div>\n\t\t\t\t\t<div class=\"sc_services_item_content\"><p>Ibiza es uno de nuestros destinos favoritos para navegar. Esta bonita isla exclusiva ofrece playas sin igual y vistas por descubrir. Dispondr\u00e1 de su propio hogar privado flotante, y podr\u00e1 descubrir la isla como desee. Consulte nuestros paquetes de entre 1 y 5 d\u00edas.<\/p>\n<\/div>\n\t\t\t<div class=\"sc_services_item_button\"><a href=\"https:\/\/acquariomaritime.com\/es\/services\/ibiza\/\" class=\"sc_button sc_item_button sc_button color_style_default sc_button_default sc_button_size_normal\">Learn more<\/a><\/div>\n\t\t\t<\/div>\n<\/div>\n<\/div><\/div><\/div><!-- \/.sc_services --><div class=\"vc_empty_space  vc_custom_1499781326431 height_large\"   style=\"height: 32px\"><span class=\"vc_empty_space_inner\"><\/span><\/div><\/div><\/div><\/div><\/div>\n<\/div>","protected":false},"excerpt":{"rendered":"Rent a yacht and travel to IbizaIbiza is one of our favorite destination for navigation. The beautiful exclusive Island offers many unbeatable beaches and views to discover. You will have your own private home afloat, and discover the Island at&hellip;","protected":false},"author":1,"featured_media":0,"parent":0,"menu_order":0,"comment_status":"closed","ping_status":"closed","template":"","meta":{"footnotes":""},"class_list":["post-16","page","type-page","status-publish","hentry"],"_links":{"self":[{"href":"https:\/\/acquariomaritime.com\/es\/wp-json\/wp\/v2\/pages\/16","targetHints":{"allow":["GET"]}}],"collection":[{"href":"https:\/\/acquariomaritime.com\/es\/wp-json\/wp\/v2\/pages"}],"about":[{"href":"https:\/\/acquariomaritime.com\/es\/wp-json\/wp\/v2\/types\/page"}],"author":[{"embeddable":true,"href":"https:\/\/acquariomaritime.com\/es\/wp-json\/wp\/v2\/users\/1"}],"replies":[{"embeddable":true,"href":"https:\/\/acquariomaritime.com\/es\/wp-json\/wp\/v2\/comments?post=16"}],"version-history":[{"count":0,"href":"https:\/\/acquariomaritime.com\/es\/wp-json\/wp\/v2\/pages\/16\/revisions"}],"wp:attachment":[{"href":"https:\/\/acquariomaritime.com\/es\/wp-json\/wp\/v2\/media?parent=16"}],"curies":[{"name":"wp","href":"https:\/\/api.w.org\/{rel}","templated":true}]}}