{"id":1234,"date":"2020-02-10T07:09:41","date_gmt":"2020-02-10T07:09:41","guid":{"rendered":"https:\/\/acquariomaritime.com\/?page_id=1234"},"modified":"2020-06-30T08:45:14","modified_gmt":"2020-06-30T08:45:14","slug":"sunseeker","status":"publish","type":"page","link":"https:\/\/acquariomaritime.com\/es\/yates\/sunseeker\/","title":{"rendered":"Sunseeker"},"content":{"rendered":"<div class=\"wpb-content-wrapper\"><div class=\"vc_row wpb_row vc_row-fluid\"><div class=\"wpb_column vc_column_container vc_col-sm-8 sc_layouts_column_icons_position_left\"><div class=\"vc_column-inner\"><div class=\"wpb_wrapper\"><div class=\"vc_empty_space  vc_custom_1499781211719 height_large\"   style=\"height: 32px\"><span class=\"vc_empty_space_inner\"><\/span><\/div><div id=\"sc_title_1408951653\"\n\t\tclass=\"sc_title color_style_link2 sc_title_alter\"><h3 class=\"sc_item_title sc_title_title sc_align_center sc_item_title_style_alter sc_item_title_tag\">Sunseeker Predator 68<\/h3><\/div><!-- \/.sc_title --><div id=\"widget_video_1054518527\" class=\"widget_area sc_widget_video vc_widget_video wpb_content_element\"><div class=\"widget widget_video\"><div id=\"sc_video_1241986314\" class=\"trx_addons_video_player with_cover hover_play\"><img loading=\"lazy\" decoding=\"async\" src=\"https:\/\/acquariomaritime.com\/wp-content\/uploads\/2020\/02\/boat-sunseeker57-1170x658.jpg\" alt=\"\" width=\"1170\" height=\"658\"><div class=\"video_mask\"><\/div><div class=\"video_hover\" data-video=\"&lt;iframe title=&quot;Acquario Maritime, Sunseeker predator 68&quot; width=&quot;1170&quot; height=&quot;658&quot; src=&quot;https:\/\/www.youtube.com\/embed\/KZ8z9L51dLk?feature=oembed&amp;autoplay=1&quot; frameborder=&quot;0&quot; allow=&quot;accelerometer; autoplay; encrypted-media; gyroscope; picture-in-picture&quot; allowfullscreen&gt;&lt;\/iframe&gt;\"><\/div><div class=\"video_embed video_frame\"><\/div><\/div><\/div><\/div><div class=\"vc_empty_space  vc_custom_1580834154324 height_small\"   style=\"height: 32px\"><span class=\"vc_empty_space_inner\"><\/span><\/div>\n\t<div class=\"wpb_text_column wpb_content_element\" >\n\t\t<div class=\"wpb_wrapper\">\n\t\t\t<p>M\/Y Acquario es un Sunseeker Predator 68 en excelente estado que se encuentra en el mercado de alquiler de yates, con atributos especiales que hacen su estancia a bordo m\u00e1s c\u00f3moda y placentera. Tanto el yate como la tripulaci\u00f3n cuentan con la codificaci\u00f3n comercial MCA, garantiz\u00e1ndole una embarcaci\u00f3n segura donde sentirse c\u00f3modo y a salvo.<\/p>\n<p>El gran camarote principal, que abarca todo el casco, se hizo especialmente para este yate, y el barco se ha sometido a importantes reformas en 2013-2014 y 2020. Su mantenimiento es excelente y, en muchos aspectos, presenta aires renovados.<\/p>\n<p>El yate es una de las pocas versiones con una potencia total de motor de 3000 HP, alcanzando una velocidad m\u00e1xima de 38 nudos, que le proporciona el poder y la libertad de llegar a su destino al ritmo que desee.<\/p>\n<p>Est\u00e1 equipado con un gran t\u00e9nder para transportarle a la playa elegida cuando fondee, y para llevarle a dar una vuelta si le apetece practicar deportes acu\u00e1ticos.<\/p>\n<p>La experimentada tripulaci\u00f3n se asegurar\u00e1 de que el tiempo que pase a bordo sea inolvidable, y estaremos encantados de sugerirle una ruta perfecta que se adapte a sus necesidades.<\/p>\n\n\t\t<\/div>\n\t<\/div>\n<div class=\"vc_empty_space  vc_custom_1580834154324 height_small\"   style=\"height: 32px\"><span class=\"vc_empty_space_inner\"><\/span><\/div>\n<div class=\"vc_grid-container-wrapper vc_clearfix vc_grid-animation-none\">\n\t<div class=\"vc_grid-container vc_clearfix wpb_content_element vc_media_grid\" data-initial-loading-animation=\"none\" data-vc-grid-settings=\"{&quot;page_id&quot;:1234,&quot;style&quot;:&quot;load-more&quot;,&quot;action&quot;:&quot;vc_get_vc_grid_data&quot;,&quot;shortcode_id&quot;:&quot;1593506659379-da27e29c-0ccd-7&quot;,&quot;items_per_page&quot;:&quot;12&quot;,&quot;btn_data&quot;:{&quot;title&quot;:&quot;Load more images&quot;,&quot;style&quot;:&quot;custom&quot;,&quot;gradient_color_1&quot;:&quot;&quot;,&quot;gradient_color_2&quot;:&quot;&quot;,&quot;gradient_custom_color_1&quot;:&quot;&quot;,&quot;gradient_custom_color_2&quot;:&quot;&quot;,&quot;gradient_text_color&quot;:&quot;&quot;,&quot;custom_background&quot;:&quot;#52c3ed&quot;,&quot;custom_text&quot;:&quot;#ffffff&quot;,&quot;outline_custom_color&quot;:&quot;#666&quot;,&quot;outline_custom_hover_background&quot;:&quot;#666&quot;,&quot;outline_custom_hover_text&quot;:&quot;#fff&quot;,&quot;shape&quot;:&quot;rounded&quot;,&quot;color&quot;:&quot;blue&quot;,&quot;size&quot;:&quot;md&quot;,&quot;align&quot;:&quot;inline&quot;,&quot;button_block&quot;:&quot;&quot;,&quot;add_icon&quot;:&quot;&quot;,&quot;i_align&quot;:&quot;left&quot;,&quot;i_type&quot;:&quot;fontawesome&quot;,&quot;i_icon_fontawesome&quot;:&quot;fas fa-adjust&quot;,&quot;i_icon_openiconic&quot;:&quot;vc-oi vc-oi-dial&quot;,&quot;i_icon_typicons&quot;:&quot;typcn typcn-adjust-brightness&quot;,&quot;i_icon_entypo&quot;:&quot;entypo-icon entypo-icon-note&quot;,&quot;i_icon_linecons&quot;:&quot;vc_li vc_li-heart&quot;,&quot;i_icon_monosocial&quot;:&quot;&quot;,&quot;i_icon_material&quot;:&quot;&quot;,&quot;i_icon_pixelicons&quot;:&quot;vc_pixel_icon vc_pixel_icon-alert&quot;,&quot;el_id&quot;:&quot;&quot;,&quot;custom_onclick&quot;:&quot;&quot;,&quot;custom_onclick_code&quot;:&quot;&quot;},&quot;tag&quot;:&quot;vc_media_grid&quot;}\" data-vc-request=\"https:\/\/acquariomaritime.com\/wp-admin\/admin-ajax.php\" data-vc-post-id=\"1234\" data-vc-public-nonce=\"cdf3aef85b\">\n\t\t\n\t<\/div>\n<\/div><\/div><\/div><\/div><div class=\"wpb_column vc_column_container vc_col-sm-4 sc_layouts_column_icons_position_left\"><div class=\"vc_column-inner\"><div class=\"wpb_wrapper\"><div class=\"vc_empty_space  vc_custom_1499781211719 height_large\"   style=\"height: 32px\"><span class=\"vc_empty_space_inner\"><\/span><\/div><div id=\"sc_title_1601298109\"\n\t\tclass=\"sc_title color_style_link2 sc_title_alter\"><h3 class=\"sc_item_title sc_title_title sc_align_center sc_item_title_style_alter sc_item_title_tag\">Especificaciones<\/h3><\/div><!-- \/.sc_title --><div id=\"sc_table_1798341700_wrap\" class=\"sc_table_wrap\"><div id=\"sc_table_1798341700\"\n\t\t\tclass=\"sc_table sc_table_default\" style=\"width:100%;\"><\/p>\n<table summary=\"Boat specifications\" cellspacing=\"0\">\n<tbody>\n<tr>\n<td style=\"text-align: right;\"><strong>Eslora<\/strong><\/td>\n<td>21 metros<\/td>\n<\/tr>\n<tr>\n<td style=\"text-align: right;\"><strong>Manga<\/strong><\/td>\n<td>5.21<\/td>\n<\/tr>\n<tr>\n<td style=\"text-align: right;\"><strong>Velocidad de crucero<\/strong><\/td>\n<td>26 kn <small>(48 km\/h)<\/small><\/td>\n<\/tr>\n<tr>\n<td style=\"text-align: right;\"><strong>Velocidad m\u00e1xima<\/strong><\/td>\n<td>38 kn <small>(71 km\/h)<\/small><\/td>\n<\/tr>\n<tr>\n<td style=\"text-align: right;\"><strong>Capacidad<\/strong><\/td>\n<td>10\/6<\/td>\n<\/tr>\n<tr>\n<td style=\"text-align: right;\"><strong>Camarotes<\/strong><\/td>\n<td>3<\/td>\n<\/tr>\n<tr>\n<td style=\"text-align: right;\"><strong>Aseos<\/strong><\/td>\n<td>2<\/td>\n<\/tr>\n<tr>\n<td style=\"text-align: right;\"><strong>Duchas<\/strong><\/td>\n<td>2<\/td>\n<\/tr>\n<tr>\n<td style=\"text-align: right;\"><strong>Cocina totalmente<br \/>\n<\/strong><strong> equipada<\/strong><\/td>\n<td>Frigor\u00edfico<br \/>\nCongelador<br \/>\nLavavajillas<br \/>\nPlaca para cocinar<br \/>\nGrill <small>Parrilla (en cubierta)<\/small><\/td>\n<\/tr>\n<tr>\n<td style=\"text-align: right;\"><span style=\"color: #1d1d1d;\"><b>Juguetes<\/b><\/span><\/td>\n<td>Gran oferta moderna para 6 personas<br \/>\nRosquilla<br \/>\nEquipo de nataci\u00f3n<\/td>\n<\/tr>\n<tr>\n<td style=\"text-align: right;\"><strong>A\u00f1o<\/strong><\/td>\n<td>2005\/reformado en 2013<\/td>\n<\/tr>\n<tr>\n<td style=\"text-align: right;\"><strong>Puerto base<\/strong><\/td>\n<td>Ibiza<\/td>\n<\/tr>\n<\/tbody>\n<\/table>\n<p><\/div><\/div><!-- \/.sc_table_wrap --><div class=\"vc_empty_space  vc_custom_1581430051801 height_medium\"   style=\"height: 32px\"><span class=\"vc_empty_space_inner\"><\/span><\/div><div id=\"sc_title_1399036938\"\n\t\tclass=\"sc_title color_style_link2 sc_title_alter\"><h3 class=\"sc_item_title sc_title_title sc_align_center sc_item_title_style_alter sc_item_title_tag\">Destinos<\/h3><\/div><!-- \/.sc_title --><div id=\"sc_services_638068233\" class=\"sc_services color_style_default sc_services_default sc_services_featured_top\"><div class=\"sc_services_content sc_item_content sc_item_columns_1\"><div class=\"sc_services_item with_content with_image sc_services_item_featured_top\">\n\t<div class=\"post_featured with_thumb hover_dots sc_services_item_thumb\"><img loading=\"lazy\" decoding=\"async\" width=\"740\" height=\"750\" src=\"https:\/\/acquariomaritime.com\/wp-content\/uploads\/2017\/04\/barcelona-740x750.jpg\" class=\"attachment-sirene-thumb-service size-sirene-thumb-service wp-post-image\" alt=\"Barcelona\" srcset=\"https:\/\/acquariomaritime.com\/wp-content\/uploads\/2017\/04\/barcelona-740x750.jpg 740w, https:\/\/acquariomaritime.com\/wp-content\/uploads\/2017\/04\/barcelona-100x100.jpg 100w\" sizes=\"auto, (max-width: 740px) 100vw, 740px\" \/><div class=\"mask\"><\/div><a href=\"https:\/\/acquariomaritime.com\/es\/services\/barcelona\/\" aria-hidden=\"true\" class=\"icons\"><span><\/span><span><\/span><span><\/span><\/a><\/div>\t\n\t<div class=\"sc_services_item_info\">\n\t\t<div class=\"sc_services_item_header\">\n\t\t\t<h5 class=\"sc_services_item_title\"><a href=\"https:\/\/acquariomaritime.com\/es\/services\/barcelona\/\">Barcelona<\/a><\/h5>\n\t\t<\/div>\n\t\t\t\t\t<div class=\"sc_services_item_content\"><p>Experimente la cosmopolita ciudad de Barcelona desde la costa, una bonita escapada al mar con impresionantes vistas de la ciudad. Hay muchas opciones cercanas donde fondear y pasar el d\u00eda para recargar energ\u00edas. Consulte nuestros paquetes de excursiones de 1 y 2 d\u00edas desde Barcelona. Disponemos de alquileres m\u00e1s largos previa petici\u00f3n. <\/p>\n<\/div>\n\t\t\t<div class=\"sc_services_item_button\"><a href=\"https:\/\/acquariomaritime.com\/es\/services\/barcelona\/\" class=\"sc_button sc_item_button sc_button color_style_default sc_button_default sc_button_size_normal\">Learn more<\/a><\/div>\n\t\t\t<\/div>\n<\/div>\n<div class=\"sc_services_item with_content with_image sc_services_item_featured_top\">\n\t<div class=\"post_featured with_thumb hover_dots sc_services_item_thumb\"><img loading=\"lazy\" decoding=\"async\" width=\"740\" height=\"750\" src=\"https:\/\/acquariomaritime.com\/wp-content\/uploads\/2017\/04\/ibiza-740x750.jpeg\" class=\"attachment-sirene-thumb-service size-sirene-thumb-service wp-post-image\" alt=\"Ibiza\" srcset=\"https:\/\/acquariomaritime.com\/wp-content\/uploads\/2017\/04\/ibiza-740x750.jpeg 740w, https:\/\/acquariomaritime.com\/wp-content\/uploads\/2017\/04\/ibiza-100x100.jpeg 100w\" sizes=\"auto, (max-width: 740px) 100vw, 740px\" \/><div class=\"mask\"><\/div><a href=\"https:\/\/acquariomaritime.com\/es\/services\/ibiza\/\" aria-hidden=\"true\" class=\"icons\"><span><\/span><span><\/span><span><\/span><\/a><\/div>\t\n\t<div class=\"sc_services_item_info\">\n\t\t<div class=\"sc_services_item_header\">\n\t\t\t<h5 class=\"sc_services_item_title\"><a href=\"https:\/\/acquariomaritime.com\/es\/services\/ibiza\/\">Ibiza<\/a><\/h5>\n\t\t<\/div>\n\t\t\t\t\t<div class=\"sc_services_item_content\"><p>Ibiza es uno de nuestros destinos favoritos para navegar. Esta bonita isla exclusiva ofrece playas sin igual y vistas por descubrir. Dispondr\u00e1 de su propio hogar privado flotante, y podr\u00e1 descubrir la isla como desee. Consulte nuestros paquetes de entre 1 y 5 d\u00edas.<\/p>\n<\/div>\n\t\t\t<div class=\"sc_services_item_button\"><a href=\"https:\/\/acquariomaritime.com\/es\/services\/ibiza\/\" class=\"sc_button sc_item_button sc_button color_style_default sc_button_default sc_button_size_normal\">Learn more<\/a><\/div>\n\t\t\t<\/div>\n<\/div>\n<\/div><\/div><!-- \/.sc_services --><\/div><\/div><\/div><\/div>\n<\/div>","protected":false},"excerpt":{"rendered":"Rent a yacht and travel to IbizaIbiza is one of our favorite destination for navigation. The beautiful exclusive Island offers many unbeatable beaches and views to discover. You will have your own private home afloat, and discover the Island at&hellip;","protected":false},"author":1,"featured_media":0,"parent":1229,"menu_order":0,"comment_status":"closed","ping_status":"closed","template":"","meta":{"footnotes":""},"class_list":["post-1234","page","type-page","status-publish","hentry"],"_links":{"self":[{"href":"https:\/\/acquariomaritime.com\/es\/wp-json\/wp\/v2\/pages\/1234","targetHints":{"allow":["GET"]}}],"collection":[{"href":"https:\/\/acquariomaritime.com\/es\/wp-json\/wp\/v2\/pages"}],"about":[{"href":"https:\/\/acquariomaritime.com\/es\/wp-json\/wp\/v2\/types\/page"}],"author":[{"embeddable":true,"href":"https:\/\/acquariomaritime.com\/es\/wp-json\/wp\/v2\/users\/1"}],"replies":[{"embeddable":true,"href":"https:\/\/acquariomaritime.com\/es\/wp-json\/wp\/v2\/comments?post=1234"}],"version-history":[{"count":0,"href":"https:\/\/acquariomaritime.com\/es\/wp-json\/wp\/v2\/pages\/1234\/revisions"}],"up":[{"embeddable":true,"href":"https:\/\/acquariomaritime.com\/es\/wp-json\/wp\/v2\/pages\/1229"}],"wp:attachment":[{"href":"https:\/\/acquariomaritime.com\/es\/wp-json\/wp\/v2\/media?parent=1234"}],"curies":[{"name":"wp","href":"https:\/\/api.w.org\/{rel}","templated":true}]}}